{"id":843,"date":"2015-04-01T13:24:57","date_gmt":"2015-04-01T11:24:57","guid":{"rendered":"https:\/\/www.geone.nl\/?page_id=843"},"modified":"2017-11-27T10:04:58","modified_gmt":"2017-11-27T09:04:58","slug":"information-management","status":"publish","type":"page","link":"https:\/\/geone.nl\/en\/information-management\/","title":{"rendered":"Information management"},"content":{"rendered":"<div class=\"wpb-content-wrapper\"><div class=\"vc_row wpb_row vc_row-fluid vc_custom_1499161681169 vc_row-o-equal-height vc_row-flex wpex-relative wpex-vc_row-has-fill tablet-fullwidth-columns wpex-vc-reset-negative-margin\" style=\"min-height:400px;\"><div class=\"wpb_column vc_column_container vc_col-sm-12 wpex-vc_col-has-fill typography-black\"><div class=\"vc_column-inner vc_custom_1445614737613\"><div class=\"wpb_wrapper\">\n\t<div class=\"wpb_text_column wpb_content_element\" >\n\t\t<div class=\"wpb_wrapper\">\n\t\t\t<h1>Informatiemanagement voor bedrijven en overheden<\/h1>\n\n\t\t<\/div>\n\t<\/div>\n<div class=\"vc_empty_space\"   style=\"height: 15px\"><span class=\"vc_empty_space_inner\"><\/span><\/div>\n\t<div class=\"wpb_text_column wpb_content_element\" >\n\t\t<div class=\"wpb_wrapper\">\n\t\t\t<p>Structuur volgt strategie. <span style=\"font-style: normal !msorm;\"><em>Dat geldt ook voor de structuur van uw informatiemanagement, die naadloos aan moet sluiten op uw bedrijfsstrategie.<\/em><\/span> Zo houdt u altijd en overal toegang tot de juiste informatie. Uw medewerkers kunnen doen wat ze willen en moeten doen; uw klanten blijven verzekerd van optimale bediening.<\/p>\n<p>GeONE kan u hierin uitstekend adviseren. Wij helpen organisaties een informatiearchitectuur op te zetten die niet alleen nu maar ook in de toekomst past bij hun eisen en behoeften. Zo verrijken we de informatiearchitectuur van onze klanten bijvoorbeeld met up-to-date cloudtoepassingen zoals Sharepoint, Office 365, M-Files, Macroview, Intrexx en Azure, eventueel in combinatie met on-premise applicaties. Zodat zij hun bedrijfsstrategie met succes kunnen uitvoeren.<\/p>\n\n\t\t<\/div>\n\t<\/div>\n<\/div><\/div><\/div><\/div><div class=\"vc_row wpb_row vc_row-fluid vc_custom_1445595743890 vc_row-o-equal-height vc_row-flex wpex-relative tablet-fullwidth-columns\"><div class=\"wpb_column vc_column_container vc_col-sm-4\"><div class=\"vc_column-inner vc_custom_1445589641676\"><div class=\"wpb_wrapper\"><style>.vcex-icon-box.vcex_69ecf30d0ca39 .vcex-icon-box-heading{font-size:18px;}.vcex-icon-box.vcex_69ecf30d0ca39 .vcex-icon-box-icon{font-size:40px;color:#81b65f;}<\/style><div class=\"vcex-module vcex-icon-box vcex-icon-box-one wpex-flex wpex-text-left vcex_69ecf30d0ca39\"><div class=\"vcex-icon-box-symbol vcex-icon-box-symbol--icon wpex-flex-shrink-0 wpex-mr-20\"><div class=\"vcex-icon-box-icon wpex-items-center wpex-justify-center wpex-child-inherit-color wpex-text-center wpex-leading-none wpex-flex wpex-text-1\"><span class=\"wpex-flex wpex-icon--w wpex-icon\" aria-hidden=\"true\"><svg xmlns=\"http:\/\/www.w3.org\/2000\/svg\" viewBox=\"0 0 512 512\"><path d=\"M256 512A256 256 0 1 0 256 0a256 256 0 1 0 0 512zM369 209L241 337c-9.4 9.4-24.6 9.4-33.9 0l-64-64c-9.4-9.4-9.4-24.6 0-33.9s24.6-9.4 33.9 0l47 47L335 175c9.4-9.4 24.6-9.4 33.9 0s9.4 24.6 0 33.9z\"\/><\/svg><\/span><\/div><\/div><div class=\"vcex-icon-box-text wpex-flex-grow\"><span class=\"vcex-icon-box-heading wpex-heading wpex-mb-10\">Workflow<\/span><div class=\"vcex-icon-box-content wpex-last-mb-0 wpex-clr\"><p>Contractmanagement, postregistratie of HR-processen automatiseren wij voor meer effici\u00ebntie en productiviteit en verlagen daarmee de kans op fouten.<\/p>\n<\/div><\/div><\/div><\/div><\/div><\/div><div class=\"wpb_column vc_column_container vc_col-sm-4\"><div class=\"vc_column-inner vc_custom_1445589654091\"><div class=\"wpb_wrapper\"><style>.vcex-icon-box.vcex_69ecf30d0d675 .vcex-icon-box-heading{font-size:18px;}.vcex-icon-box.vcex_69ecf30d0d675 .vcex-icon-box-icon{font-size:40px;color:#81b65f;}<\/style><div class=\"vcex-module vcex-icon-box vcex-icon-box-one wpex-flex wpex-text-left vcex_69ecf30d0d675\"><div class=\"vcex-icon-box-symbol vcex-icon-box-symbol--icon wpex-flex-shrink-0 wpex-mr-20\"><div class=\"vcex-icon-box-icon wpex-items-center wpex-justify-center wpex-child-inherit-color wpex-text-center wpex-leading-none wpex-flex wpex-text-1\"><span class=\"wpex-flex wpex-icon--w wpex-icon\" aria-hidden=\"true\"><svg xmlns=\"http:\/\/www.w3.org\/2000\/svg\" viewBox=\"0 0 512 512\"><path d=\"M256 512A256 256 0 1 0 256 0a256 256 0 1 0 0 512zM369 209L241 337c-9.4 9.4-24.6 9.4-33.9 0l-64-64c-9.4-9.4-9.4-24.6 0-33.9s24.6-9.4 33.9 0l47 47L335 175c9.4-9.4 24.6-9.4 33.9 0s9.4 24.6 0 33.9z\"\/><\/svg><\/span><\/div><\/div><div class=\"vcex-icon-box-text wpex-flex-grow\"><span class=\"vcex-icon-box-heading wpex-heading wpex-mb-10\">Combineer informatiebronnen<\/span><div class=\"vcex-icon-box-content wpex-last-mb-0 wpex-clr\"><p>Combineer uw informatiebronnen en biedt deze aan op \u00e9\u00e9n plek, in \u00e9\u00e9n softwareomgeving. Afgestemd op de rol van de gebruiker.<\/p>\n<\/div><\/div><\/div><\/div><\/div><\/div><div class=\"wpb_column vc_column_container vc_col-sm-4\"><div class=\"vc_column-inner vc_custom_1445589663284\"><div class=\"wpb_wrapper\"><style>.vcex-icon-box.vcex_69ecf30d0dc30 .vcex-icon-box-heading{font-size:18px;}.vcex-icon-box.vcex_69ecf30d0dc30 .vcex-icon-box-icon{font-size:40px;color:#81b65f;}<\/style><div class=\"vcex-module vcex-icon-box vcex-icon-box-one wpex-flex wpex-text-left vcex_69ecf30d0dc30\"><div class=\"vcex-icon-box-symbol vcex-icon-box-symbol--icon wpex-flex-shrink-0 wpex-mr-20\"><div class=\"vcex-icon-box-icon wpex-items-center wpex-justify-center wpex-child-inherit-color wpex-text-center wpex-leading-none wpex-flex wpex-text-1\"><span class=\"wpex-flex wpex-icon--w wpex-icon\" aria-hidden=\"true\"><svg xmlns=\"http:\/\/www.w3.org\/2000\/svg\" viewBox=\"0 0 512 512\"><path d=\"M256 512A256 256 0 1 0 256 0a256 256 0 1 0 0 512zM369 209L241 337c-9.4 9.4-24.6 9.4-33.9 0l-64-64c-9.4-9.4-9.4-24.6 0-33.9s24.6-9.4 33.9 0l47 47L335 175c9.4-9.4 24.6-9.4 33.9 0s9.4 24.6 0 33.9z\"\/><\/svg><\/span><\/div><\/div><div class=\"vcex-icon-box-text wpex-flex-grow\"><span class=\"vcex-icon-box-heading wpex-heading wpex-mb-10\">Alle soorten documenten<\/span><div class=\"vcex-icon-box-content wpex-last-mb-0 wpex-clr\"><p>Overal en altijd documenten bewaren, vinden en delen, ongeacht welk type. Op alle systemen, op alle schermen, ook mobiel.<\/p>\n<\/div><\/div><\/div><\/div><\/div><\/div><\/div><div class=\"vc_row wpb_row vc_row-fluid vc_custom_1445595758894 vc_row-o-equal-height vc_row-flex wpex-relative tablet-fullwidth-columns\"><div class=\"wpb_column vc_column_container vc_col-sm-4\"><div class=\"vc_column-inner vc_custom_1445589686302\"><div class=\"wpb_wrapper\"><style>.vcex-icon-box.vcex_69ecf30d0e421 .vcex-icon-box-heading{font-size:18px;}.vcex-icon-box.vcex_69ecf30d0e421 .vcex-icon-box-icon{font-size:40px;color:#81b65f;}<\/style><div class=\"vcex-module vcex-icon-box vcex-icon-box-one wpex-flex wpex-text-left vcex_69ecf30d0e421\"><div class=\"vcex-icon-box-symbol vcex-icon-box-symbol--icon wpex-flex-shrink-0 wpex-mr-20\"><div class=\"vcex-icon-box-icon wpex-items-center wpex-justify-center wpex-child-inherit-color wpex-text-center wpex-leading-none wpex-flex wpex-text-1\"><span class=\"wpex-flex wpex-icon--w wpex-icon\" aria-hidden=\"true\"><svg xmlns=\"http:\/\/www.w3.org\/2000\/svg\" viewBox=\"0 0 512 512\"><path d=\"M256 512A256 256 0 1 0 256 0a256 256 0 1 0 0 512zM369 209L241 337c-9.4 9.4-24.6 9.4-33.9 0l-64-64c-9.4-9.4-9.4-24.6 0-33.9s24.6-9.4 33.9 0l47 47L335 175c9.4-9.4 24.6-9.4 33.9 0s9.4 24.6 0 33.9z\"\/><\/svg><\/span><\/div><\/div><div class=\"vcex-icon-box-text wpex-flex-grow\"><span class=\"vcex-icon-box-heading wpex-heading wpex-mb-10\">Gecertificeerde consultants<\/span><div class=\"vcex-icon-box-content wpex-last-mb-0 wpex-clr\"><p>Onze consultants zijn gecertificeerd en hebben de juiste ervaring om uw informatiearchitectuur vorm te geven. Complexiteit welkom.<\/p>\n<\/div><\/div><\/div><\/div><\/div><\/div><div class=\"wpb_column vc_column_container vc_col-sm-4\"><div class=\"vc_column-inner vc_custom_1445589694132\"><div class=\"wpb_wrapper\"><style>.vcex-icon-box.vcex_69ecf30d0e9c3 .vcex-icon-box-heading{font-size:18px;}.vcex-icon-box.vcex_69ecf30d0e9c3 .vcex-icon-box-icon{font-size:40px;color:#81b65f;}<\/style><div class=\"vcex-module vcex-icon-box vcex-icon-box-one wpex-flex wpex-text-left vcex_69ecf30d0e9c3\"><div class=\"vcex-icon-box-symbol vcex-icon-box-symbol--icon wpex-flex-shrink-0 wpex-mr-20\"><div class=\"vcex-icon-box-icon wpex-items-center wpex-justify-center wpex-child-inherit-color wpex-text-center wpex-leading-none wpex-flex wpex-text-1\"><span class=\"wpex-flex wpex-icon--w wpex-icon\" aria-hidden=\"true\"><svg xmlns=\"http:\/\/www.w3.org\/2000\/svg\" viewBox=\"0 0 512 512\"><path d=\"M256 512A256 256 0 1 0 256 0a256 256 0 1 0 0 512zM369 209L241 337c-9.4 9.4-24.6 9.4-33.9 0l-64-64c-9.4-9.4-9.4-24.6 0-33.9s24.6-9.4 33.9 0l47 47L335 175c9.4-9.4 24.6-9.4 33.9 0s9.4 24.6 0 33.9z\"\/><\/svg><\/span><\/div><\/div><div class=\"vcex-icon-box-text wpex-flex-grow\"><span class=\"vcex-icon-box-heading wpex-heading wpex-mb-10\">Flexibiliteit van een hybride<\/span><div class=\"vcex-icon-box-content wpex-last-mb-0 wpex-clr\"><p>U kunt kiezen voor de cloud of on-premise. Of u gaat voor het beste van beide en kiest een hybride vorm.<\/p>\n<\/div><\/div><\/div><\/div><\/div><\/div><div class=\"wpb_column vc_column_container vc_col-sm-4\"><div class=\"vc_column-inner vc_custom_1445589702872\"><div class=\"wpb_wrapper\"><style>.vcex-icon-box.vcex_69ecf30d0ef32 .vcex-icon-box-heading{font-size:18px;}.vcex-icon-box.vcex_69ecf30d0ef32 .vcex-icon-box-icon{font-size:40px;color:#81b65f;}<\/style><div class=\"vcex-module vcex-icon-box vcex-icon-box-one wpex-flex wpex-text-left vcex_69ecf30d0ef32\"><div class=\"vcex-icon-box-symbol vcex-icon-box-symbol--icon wpex-flex-shrink-0 wpex-mr-20\"><div class=\"vcex-icon-box-icon wpex-items-center wpex-justify-center wpex-child-inherit-color wpex-text-center wpex-leading-none wpex-flex wpex-text-1\"><span class=\"wpex-flex wpex-icon--w wpex-icon\" aria-hidden=\"true\"><svg xmlns=\"http:\/\/www.w3.org\/2000\/svg\" viewBox=\"0 0 512 512\"><path d=\"M256 512A256 256 0 1 0 256 0a256 256 0 1 0 0 512zM369 209L241 337c-9.4 9.4-24.6 9.4-33.9 0l-64-64c-9.4-9.4-9.4-24.6 0-33.9s24.6-9.4 33.9 0l47 47L335 175c9.4-9.4 24.6-9.4 33.9 0s9.4 24.6 0 33.9z\"\/><\/svg><\/span><\/div><\/div><div class=\"vcex-icon-box-text wpex-flex-grow\"><span class=\"vcex-icon-box-heading wpex-heading wpex-mb-10\">20+ jaar ervaring<\/span><div class=\"vcex-icon-box-content wpex-last-mb-0 wpex-clr\"><p>Wij helpen organisaties al meer dan 20 jaar informatie te benutten.<\/p>\n<\/div><\/div><\/div><\/div><\/div><\/div><\/div><div class=\"vc_row wpb_row vc_row-fluid vc_row-o-equal-height vc_row-flex wpex-relative wpex-vc-has-custom-column-spacing wpex-vc-column-spacing-20\"><div class=\"wpb_column vc_column_container vc_col-sm-3\"><div class=\"vc_column-inner\"><div class=\"wpb_wrapper\">\n\t<div class=\"wpb_text_column wpb_content_element\" >\n\t\t<div class=\"wpb_wrapper\">\n\t\t\t\n\t\t<\/div>\n\t<\/div>\n<\/div><\/div><\/div><div class=\"wpb_column vc_column_container vc_col-sm-3 wpex-vc_col-has-fill typography-black\"><div class=\"vc_column-inner vc_custom_1499155714074\"><div class=\"wpb_wrapper\">\n\t<div  class=\"wpb_single_image wpb_content_element vc_align_center wpb_content_element\">\n\t\t\n\t\t<figure class=\"wpb_wrapper vc_figure\">\n\t\t\t<div class=\"vc_single_image-wrapper   vc_box_border_grey\"><img width=\"165\" height=\"165\" src=\"https:\/\/geone.nl\/wp-content\/uploads\/2014\/06\/Demo-GeONE.png\" class=\"vc_single_image-img attachment-full\" alt=\"Demo GeONE\" title=\"Demo GeONE\" srcset=\"https:\/\/geone.nl\/wp-content\/uploads\/2014\/06\/Demo-GeONE.png 165w, https:\/\/geone.nl\/wp-content\/uploads\/2014\/06\/Demo-GeONE-150x150.png 150w\" sizes=\"(max-width: 165px) 100vw, 165px\" \/><\/div>\n\t\t<\/figure>\n\t<\/div>\n\n\t<div class=\"wpb_text_column wpb_content_element vc_custom_1444902628495\" >\n\t\t<div class=\"wpb_wrapper\">\n\t\t\t<h1 style=\"text-align: center;\">Online demo<\/h1>\n<p style=\"text-align: center;\">Wilt u een van de applicaties van GeONE in actie zien?\u00a0Plan dan nu een gepersonaliseerde live demo.<\/p>\n\n\t\t<\/div>\n\t<\/div>\n<div class=\"vc_empty_space\"   style=\"height: 15px\"><span class=\"vc_empty_space_inner\"><\/span><\/div>[TS_VCSC_Icon_Button seperator_1=&#8221;&#8221; seperator_2=&#8221;&#8221; button_width=&#8221;65&#8243; button_type=&#8221;rounded&#8221; button_rounded=&#8221;ts-button-rounded ts-button-flat-highlight&#8221; button_size=&#8221;ts-button-small&#8221; button_text=&#8221;AANVRAGEN&#8221; seperator_3=&#8221;&#8221; seperator_4=&#8221;&#8221; link=&#8221;url:http%3A%2F%2Fwww.geone.nl%2Flive-demo-aanvraag%2F||&#8221;]<\/div><\/div><\/div><div class=\"wpb_column vc_column_container vc_col-sm-3 wpex-vc_col-has-fill typography-black\"><div class=\"vc_column-inner vc_custom_1499155720895\"><div class=\"wpb_wrapper\">\n\t<div  class=\"wpb_single_image wpb_content_element vc_align_center wpb_content_element\">\n\t\t\n\t\t<figure class=\"wpb_wrapper vc_figure\">\n\t\t\t<div class=\"vc_single_image-wrapper   vc_box_border_grey\"><img width=\"165\" height=\"165\" src=\"https:\/\/geone.nl\/wp-content\/uploads\/2014\/06\/Question-GeONE.png\" class=\"vc_single_image-img attachment-full\" alt=\"Vraag GeONE\" title=\"Question GeONE\" srcset=\"https:\/\/geone.nl\/wp-content\/uploads\/2014\/06\/Question-GeONE.png 165w, https:\/\/geone.nl\/wp-content\/uploads\/2014\/06\/Question-GeONE-150x150.png 150w\" sizes=\"(max-width: 165px) 100vw, 165px\" \/><\/div>\n\t\t<\/figure>\n\t<\/div>\n\n\t<div class=\"wpb_text_column wpb_content_element vc_custom_1444902656394\" >\n\t\t<div class=\"wpb_wrapper\">\n\t\t\t<h1 style=\"text-align: center;\">Meer weten?<\/h1>\n<p style=\"text-align: center;\">Neem telefonisch contact op via: +31(0)35 740 01 02, of vul het contactformulier in.<\/p>\n\n\t\t<\/div>\n\t<\/div>\n<div class=\"vc_empty_space\"   style=\"height: 15px\"><span class=\"vc_empty_space_inner\"><\/span><\/div>[TS_VCSC_Icon_Button seperator_1=&#8221;&#8221; seperator_2=&#8221;&#8221; button_width=&#8221;65&#8243; button_type=&#8221;rounded&#8221; button_rounded=&#8221;ts-button-rounded ts-button-flat-highlight&#8221; button_size=&#8221;ts-button-small&#8221; button_text=&#8221;CONTACT&#8221; seperator_3=&#8221;&#8221; seperator_4=&#8221;&#8221; link=&#8221;url:http%3A%2F%2Fwww.geone.nl%2Fcontact%2F||&#8221;]<\/div><\/div><\/div><div class=\"wpb_column vc_column_container vc_col-sm-3\"><div class=\"vc_column-inner\"><div class=\"wpb_wrapper\">\n\t<div class=\"wpb_text_column wpb_content_element\" >\n\t\t<div class=\"wpb_wrapper\">\n\t\t\t\n\t\t<\/div>\n\t<\/div>\n<\/div><\/div><\/div><\/div>\n<\/div>","protected":false},"excerpt":{"rendered":"Information management for businesses and governments Structure follows strategy. That also applies to the structure of your information management, which should fit seamlessly with your business strategy. This way, you keep access to the right information anytime, anywhere. Your employees can do what they want and need to do; your customers remain assured of optimum service. GeONE can...","protected":false},"author":4,"featured_media":0,"parent":0,"menu_order":0,"comment_status":"closed","ping_status":"closed","template":"","meta":{"_glsr_average":0,"_glsr_ranking":0,"_glsr_reviews":0,"footnotes":""},"class_list":["post-843","page","type-page","status-publish","hentry","entry","no-media"],"yoast_head":"<!-- This site is optimized with the Yoast SEO plugin v27.4 - https:\/\/yoast.com\/product\/yoast-seo-wordpress\/ -->\n<title>Informatiemanagement met SharePoint<\/title>\n<meta name=\"description\" content=\"De structuur van uw informatiemanagement dient naadloos aan te sluiten op uw bedrijfsstrategie. GeONE kan u hierin uitstekend adviseren.\" \/>\n<meta name=\"robots\" content=\"index, follow, max-snippet:-1, max-image-preview:large, max-video-preview:-1\" \/>\n<link rel=\"canonical\" href=\"https:\/\/geone.nl\/en\/information-management\/\" \/>\n<meta property=\"og:locale\" content=\"en_GB\" \/>\n<meta property=\"og:type\" content=\"article\" \/>\n<meta property=\"og:title\" content=\"Informatiemanagement met SharePoint\" \/>\n<meta property=\"og:description\" content=\"De structuur van uw informatiemanagement dient naadloos aan te sluiten op uw bedrijfsstrategie. GeONE kan u hierin uitstekend adviseren.\" \/>\n<meta property=\"og:url\" content=\"https:\/\/geone.nl\/en\/information-management\/\" \/>\n<meta property=\"og:site_name\" content=\"GeONE\" \/>\n<meta property=\"article:publisher\" content=\"https:\/\/www.facebook.com\/geonebv\" \/>\n<meta property=\"article:modified_time\" content=\"2017-11-27T09:04:58+00:00\" \/>\n<meta name=\"twitter:label1\" content=\"Estimated reading time\" \/>\n\t<meta name=\"twitter:data1\" content=\"4 minutes\" \/>\n<!-- \/ Yoast SEO plugin. -->","yoast_head_json":{"title":"Information management with SharePoint","description":"The structure of your information management should fit seamlessly with your business strategy. GeONE can give you excellent advice on this.","robots":{"index":"index","follow":"follow","max-snippet":"max-snippet:-1","max-image-preview":"max-image-preview:large","max-video-preview":"max-video-preview:-1"},"canonical":"https:\/\/geone.nl\/en\/information-management\/","og_locale":"en_GB","og_type":"article","og_title":"Informatiemanagement met SharePoint","og_description":"De structuur van uw informatiemanagement dient naadloos aan te sluiten op uw bedrijfsstrategie. GeONE kan u hierin uitstekend adviseren.","og_url":"https:\/\/geone.nl\/en\/information-management\/","og_site_name":"GeONE","article_publisher":"https:\/\/www.facebook.com\/geonebv","article_modified_time":"2017-11-27T09:04:58+00:00","twitter_misc":{"Estimated reading time":"4 minutes"},"schema":{"@context":"https:\/\/schema.org","@graph":[{"@type":"WebPage","@id":"https:\/\/geone.nl\/informatiemanagement\/","url":"https:\/\/geone.nl\/informatiemanagement\/","name":"Information management with SharePoint","isPartOf":{"@id":"https:\/\/geone.nl\/#website"},"datePublished":"2015-04-01T11:24:57+00:00","dateModified":"2017-11-27T09:04:58+00:00","description":"The structure of your information management should fit seamlessly with your business strategy. GeONE can give you excellent advice on this.","breadcrumb":{"@id":"https:\/\/geone.nl\/informatiemanagement\/#breadcrumb"},"inLanguage":"en-GB","potentialAction":[{"@type":"ReadAction","target":["https:\/\/geone.nl\/informatiemanagement\/"]}]},{"@type":"BreadcrumbList","@id":"https:\/\/geone.nl\/informatiemanagement\/#breadcrumb","itemListElement":[{"@type":"ListItem","position":1,"name":"Home","item":"https:\/\/geone.nl\/"},{"@type":"ListItem","position":2,"name":"Informatiemanagement"}]},{"@type":"WebSite","@id":"https:\/\/geone.nl\/#website","url":"https:\/\/geone.nl\/","name":"GeONE","description":"Architects in information management.","publisher":{"@id":"https:\/\/geone.nl\/#organization"},"potentialAction":[{"@type":"SearchAction","target":{"@type":"EntryPoint","urlTemplate":"https:\/\/geone.nl\/?s={search_term_string}"},"query-input":{"@type":"PropertyValueSpecification","valueRequired":true,"valueName":"search_term_string"}}],"inLanguage":"en-GB"},{"@type":"Organization","@id":"https:\/\/geone.nl\/#organization","name":"GeONE","url":"https:\/\/geone.nl\/","logo":{"@type":"ImageObject","inLanguage":"en-GB","@id":"https:\/\/geone.nl\/#\/schema\/logo\/image\/","url":"https:\/\/geone.nl\/wp-content\/uploads\/2018\/11\/Witte-achtergrond.png","contentUrl":"https:\/\/geone.nl\/wp-content\/uploads\/2018\/11\/Witte-achtergrond.png","width":1065,"height":179,"caption":"GeONE"},"image":{"@id":"https:\/\/geone.nl\/#\/schema\/logo\/image\/"},"sameAs":["https:\/\/www.facebook.com\/geonebv","https:\/\/www.linkedin.com\/company\/geone","https:\/\/www.youtube.com\/channel\/UCDW_eUuRYVSfF8dESs8uAwQ"]}]}},"_links":{"self":[{"href":"https:\/\/geone.nl\/en\/wp-json\/wp\/v2\/pages\/843","targetHints":{"allow":["GET"]}}],"collection":[{"href":"https:\/\/geone.nl\/en\/wp-json\/wp\/v2\/pages"}],"about":[{"href":"https:\/\/geone.nl\/en\/wp-json\/wp\/v2\/types\/page"}],"author":[{"embeddable":true,"href":"https:\/\/geone.nl\/en\/wp-json\/wp\/v2\/users\/4"}],"replies":[{"embeddable":true,"href":"https:\/\/geone.nl\/en\/wp-json\/wp\/v2\/comments?post=843"}],"version-history":[{"count":0,"href":"https:\/\/geone.nl\/en\/wp-json\/wp\/v2\/pages\/843\/revisions"}],"wp:attachment":[{"href":"https:\/\/geone.nl\/en\/wp-json\/wp\/v2\/media?parent=843"}],"curies":[{"name":"wp","href":"https:\/\/api.w.org\/{rel}","templated":true}]}}